{"id":5451,"date":"2023-06-06T09:48:36","date_gmt":"2023-06-06T09:48:36","guid":{"rendered":"https:\/\/guatemalacardamomo.com\/?page_id=5451"},"modified":"2025-04-28T08:32:14","modified_gmt":"2025-04-28T08:32:14","slug":"sobre-nosotros","status":"publish","type":"page","link":"https:\/\/guatemalacardamomo.com\/en\/sobre-nosotros\/","title":{"rendered":"About us"},"content":{"rendered":"<div data-elementor-type=\"wp-page\" data-elementor-id=\"5451\" class=\"elementor elementor-5451\" data-elementor-post-type=\"page\">\n\t\t\t\t\t\t<section class=\"elementor-section elementor-top-section elementor-element elementor-element-17e048d elementor-section-boxed elementor-section-height-default elementor-section-height-default\" data-id=\"17e048d\" data-element_type=\"section\">\n\t\t\t\t\t\t<div class=\"elementor-container elementor-column-gap-default\">\n\t\t\t\t\t<div class=\"elementor-column elementor-col-100 elementor-top-column elementor-element elementor-element-9eddce9\" data-id=\"9eddce9\" data-element_type=\"column\">\n\t\t\t<div class=\"elementor-widget-wrap elementor-element-populated\">\n\t\t\t\t\t\t<div class=\"elementor-element elementor-element-0deab88 elementor-widget elementor-widget-image\" data-id=\"0deab88\" data-element_type=\"widget\" data-widget_type=\"image.default\">\n\t\t\t\t<div class=\"elementor-widget-container\">\n\t\t\t\t\t\t\t\t\t\t\t\t\t<img fetchpriority=\"high\" decoding=\"async\" width=\"754\" height=\"722\" src=\"https:\/\/guatemalacardamomo.com\/wp-content\/uploads\/2024\/11\/mapa.jpg\" class=\"attachment-full size-full wp-image-7101\" alt=\"\" srcset=\"https:\/\/guatemalacardamomo.com\/wp-content\/uploads\/2024\/11\/mapa.jpg 754w, https:\/\/guatemalacardamomo.com\/wp-content\/uploads\/2024\/11\/mapa-300x287.jpg 300w, https:\/\/guatemalacardamomo.com\/wp-content\/uploads\/2024\/11\/mapa-13x12.jpg 13w\" sizes=\"(max-width: 754px) 100vw, 754px\" \/>\t\t\t\t\t\t\t\t\t\t\t\t\t<\/div>\n\t\t\t\t<\/div>\n\t\t\t\t\t<\/div>\n\t\t<\/div>\n\t\t\t\t\t<\/div>\n\t\t<\/section>\n\t\t\t\t<section class=\"elementor-section elementor-top-section elementor-element elementor-element-d7a3424 elementor-section-boxed elementor-section-height-default elementor-section-height-default\" data-id=\"d7a3424\" data-element_type=\"section\">\n\t\t\t\t\t\t<div class=\"elementor-container elementor-column-gap-default\">\n\t\t\t\t\t<div class=\"elementor-column elementor-col-50 elementor-top-column elementor-element elementor-element-c7eb2cd\" data-id=\"c7eb2cd\" data-element_type=\"column\" data-settings=\"{&quot;background_background&quot;:&quot;classic&quot;}\">\n\t\t\t<div class=\"elementor-widget-wrap elementor-element-populated\">\n\t\t\t\t\t\t<div class=\"elementor-element elementor-element-93e60f3 elementor-widget elementor-widget-heading\" data-id=\"93e60f3\" data-element_type=\"widget\" data-widget_type=\"heading.default\">\n\t\t\t\t<div class=\"elementor-widget-container\">\n\t\t\t<h2 class=\"elementor-heading-title elementor-size-default\">About us<\/h2>\t\t<\/div>\n\t\t\t\t<\/div>\n\t\t\t\t<div class=\"elementor-element elementor-element-ed635d7 mb-1 elementor-widget elementor-widget-text-editor\" data-id=\"ed635d7\" data-element_type=\"widget\" data-widget_type=\"text-editor.default\">\n\t\t\t\t<div class=\"elementor-widget-container\">\n\t\t\t\t\t\t\t<p>The Cardamom and Seed Farmers Association of Guatemala, located in Guatemala, is an organization committed to the comprehensive development of its members and the promotion of sustainable agricultural practices for cardamom cultivation. Its mission is to improve the living conditions of cardamom producers in the region, promote innovation and product quality, and foster strategic alliances to open international markets. Through fair prices and favorable conditions, the Cardamom Farmers and Seed Farmers Association of Guatemala seeks to ensure a sustainable future for cardamom, promoting environmental and social responsibility.<\/p>\t\t\t\t\t\t<\/div>\n\t\t\t\t<\/div>\n\t\t\t\t\t<\/div>\n\t\t<\/div>\n\t\t\t\t<div class=\"elementor-column elementor-col-50 elementor-top-column elementor-element elementor-element-ac33755\" data-id=\"ac33755\" data-element_type=\"column\">\n\t\t\t<div class=\"elementor-widget-wrap elementor-element-populated\">\n\t\t\t\t\t\t<div class=\"elementor-element elementor-element-4270a80 elementor-widget elementor-widget-image\" data-id=\"4270a80\" data-element_type=\"widget\" data-widget_type=\"image.default\">\n\t\t\t\t<div class=\"elementor-widget-container\">\n\t\t\t\t\t\t\t\t\t\t\t\t\t<img decoding=\"async\" width=\"660\" height=\"700\" src=\"https:\/\/guatemalacardamomo.com\/wp-content\/uploads\/2024\/03\/Diseno-sin-titulo-2024-03-06T012841.955.jpg\" class=\"attachment-full size-full wp-image-6894\" alt=\"\" srcset=\"https:\/\/guatemalacardamomo.com\/wp-content\/uploads\/2024\/03\/Diseno-sin-titulo-2024-03-06T012841.955.jpg 660w, https:\/\/guatemalacardamomo.com\/wp-content\/uploads\/2024\/03\/Diseno-sin-titulo-2024-03-06T012841.955-283x300.jpg 283w\" sizes=\"(max-width: 660px) 100vw, 660px\" \/>\t\t\t\t\t\t\t\t\t\t\t\t\t<\/div>\n\t\t\t\t<\/div>\n\t\t\t\t\t<\/div>\n\t\t<\/div>\n\t\t\t\t\t<\/div>\n\t\t<\/section>\n\t\t\t\t<section class=\"elementor-section elementor-top-section elementor-element elementor-element-a9351d3 elementor-section-boxed elementor-section-height-default elementor-section-height-default\" data-id=\"a9351d3\" data-element_type=\"section\">\n\t\t\t\t\t\t<div class=\"elementor-container elementor-column-gap-default\">\n\t\t\t\t\t<div class=\"elementor-column elementor-col-100 elementor-top-column elementor-element elementor-element-c16312e\" data-id=\"c16312e\" data-element_type=\"column\" data-settings=\"{&quot;background_background&quot;:&quot;classic&quot;}\">\n\t\t\t<div class=\"elementor-widget-wrap elementor-element-populated\">\n\t\t\t\t\t\t<div class=\"elementor-element elementor-element-b566c20 elementor-widget elementor-widget-heading\" data-id=\"b566c20\" data-element_type=\"widget\" data-widget_type=\"heading.default\">\n\t\t\t\t<div class=\"elementor-widget-container\">\n\t\t\t<h2 class=\"elementor-heading-title elementor-size-default\">Background<\/h2>\t\t<\/div>\n\t\t\t\t<\/div>\n\t\t\t\t<section class=\"elementor-section elementor-inner-section elementor-element elementor-element-f351730 elementor-section-boxed elementor-section-height-default elementor-section-height-default\" data-id=\"f351730\" data-element_type=\"section\">\n\t\t\t\t\t\t<div class=\"elementor-container elementor-column-gap-default\">\n\t\t\t\t\t<div class=\"elementor-column elementor-col-100 elementor-inner-column elementor-element elementor-element-762cce6\" data-id=\"762cce6\" data-element_type=\"column\">\n\t\t\t<div class=\"elementor-widget-wrap elementor-element-populated\">\n\t\t\t\t\t\t<div class=\"elementor-element elementor-element-f8d710f mb-0 elementor-widget elementor-widget-text-editor\" data-id=\"f8d710f\" data-element_type=\"widget\" data-widget_type=\"text-editor.default\">\n\t\t\t\t<div class=\"elementor-widget-container\">\n\t\t\t\t\t\t\t<p>On July 13, 2022, the Guatemalan Cardamom and Seed Farmers Association was established. Its purpose is to ensure, promote, develop, support, and contribute to the comprehensive development of its members.<\/p>\t\t\t\t\t\t<\/div>\n\t\t\t\t<\/div>\n\t\t\t\t\t<\/div>\n\t\t<\/div>\n\t\t\t\t\t<\/div>\n\t\t<\/section>\n\t\t\t\t\t<\/div>\n\t\t<\/div>\n\t\t\t\t\t<\/div>\n\t\t<\/section>\n\t\t\t\t<section class=\"elementor-section elementor-top-section elementor-element elementor-element-9f69309 elementor-section-boxed elementor-section-height-default elementor-section-height-default\" data-id=\"9f69309\" data-element_type=\"section\">\n\t\t\t\t\t\t<div class=\"elementor-container elementor-column-gap-default\">\n\t\t\t\t\t<div class=\"elementor-column elementor-col-100 elementor-top-column elementor-element elementor-element-6ef4cf2\" data-id=\"6ef4cf2\" data-element_type=\"column\" data-settings=\"{&quot;background_background&quot;:&quot;classic&quot;}\">\n\t\t\t<div class=\"elementor-widget-wrap elementor-element-populated\">\n\t\t\t\t\t\t<div class=\"elementor-element elementor-element-a56aaea elementor-widget elementor-widget-heading\" data-id=\"a56aaea\" data-element_type=\"widget\" data-widget_type=\"heading.default\">\n\t\t\t\t<div class=\"elementor-widget-container\">\n\t\t\t<h2 class=\"elementor-heading-title elementor-size-default\">Mission<\/h2>\t\t<\/div>\n\t\t\t\t<\/div>\n\t\t\t\t<section class=\"elementor-section elementor-inner-section elementor-element elementor-element-221331d elementor-section-boxed elementor-section-height-default elementor-section-height-default\" data-id=\"221331d\" data-element_type=\"section\">\n\t\t\t\t\t\t<div class=\"elementor-container elementor-column-gap-default\">\n\t\t\t\t\t<div class=\"elementor-column elementor-col-100 elementor-inner-column elementor-element elementor-element-16b9d52\" data-id=\"16b9d52\" data-element_type=\"column\">\n\t\t\t<div class=\"elementor-widget-wrap elementor-element-populated\">\n\t\t\t\t\t\t<div class=\"elementor-element elementor-element-1375104 mb-0 elementor-widget elementor-widget-text-editor\" data-id=\"1375104\" data-element_type=\"widget\" data-widget_type=\"text-editor.default\">\n\t\t\t\t<div class=\"elementor-widget-container\">\n\t\t\t\t\t\t\t<p>We are an association that promotes the sustainable cultivation of cardamom, to improve the living conditions of our producers in our region, for innovation and market development seeking quality production, promoting strategic alliances and the opening of international markets, ensuring fair prices. and favorable conditions for our cardamom producers.<\/p>\t\t\t\t\t\t<\/div>\n\t\t\t\t<\/div>\n\t\t\t\t\t<\/div>\n\t\t<\/div>\n\t\t\t\t\t<\/div>\n\t\t<\/section>\n\t\t\t\t\t<\/div>\n\t\t<\/div>\n\t\t\t\t\t<\/div>\n\t\t<\/section>\n\t\t\t\t<section class=\"elementor-section elementor-top-section elementor-element elementor-element-441943e elementor-section-boxed elementor-section-height-default elementor-section-height-default\" data-id=\"441943e\" data-element_type=\"section\">\n\t\t\t\t\t\t<div class=\"elementor-container elementor-column-gap-default\">\n\t\t\t\t\t<div class=\"elementor-column elementor-col-100 elementor-top-column elementor-element elementor-element-c64c18a\" data-id=\"c64c18a\" data-element_type=\"column\" data-settings=\"{&quot;background_background&quot;:&quot;classic&quot;}\">\n\t\t\t<div class=\"elementor-widget-wrap elementor-element-populated\">\n\t\t\t\t\t\t<div class=\"elementor-element elementor-element-0faa771 elementor-widget elementor-widget-heading\" data-id=\"0faa771\" data-element_type=\"widget\" data-widget_type=\"heading.default\">\n\t\t\t\t<div class=\"elementor-widget-container\">\n\t\t\t<h2 class=\"elementor-heading-title elementor-size-default\">Vision<\/h2>\t\t<\/div>\n\t\t\t\t<\/div>\n\t\t\t\t<section class=\"elementor-section elementor-inner-section elementor-element elementor-element-fbd8d66 elementor-section-boxed elementor-section-height-default elementor-section-height-default\" data-id=\"fbd8d66\" data-element_type=\"section\">\n\t\t\t\t\t\t<div class=\"elementor-container elementor-column-gap-default\">\n\t\t\t\t\t<div class=\"elementor-column elementor-col-100 elementor-inner-column elementor-element elementor-element-1c0b6fd\" data-id=\"1c0b6fd\" data-element_type=\"column\">\n\t\t\t<div class=\"elementor-widget-wrap elementor-element-populated\">\n\t\t\t\t\t\t<div class=\"elementor-element elementor-element-bc7298b mb-0 elementor-widget elementor-widget-text-editor\" data-id=\"bc7298b\" data-element_type=\"widget\" data-widget_type=\"text-editor.default\">\n\t\t\t\t<div class=\"elementor-widget-container\">\n\t\t\t\t\t\t\t<p>To be an association that encourages the conversion of cardamom to a sustainable model, establishing a solid network to promote collaboration between producers, traders, researchers, consumers, ensuring the sustainability of the crop, the equity of trade and the satisfaction of market demands with high quality products and environmental and social responsibility.\u00a0<\/p>\t\t\t\t\t\t<\/div>\n\t\t\t\t<\/div>\n\t\t\t\t\t<\/div>\n\t\t<\/div>\n\t\t\t\t\t<\/div>\n\t\t<\/section>\n\t\t\t\t\t<\/div>\n\t\t<\/div>\n\t\t\t\t\t<\/div>\n\t\t<\/section>\n\t\t\t\t<\/div>","protected":false},"excerpt":{"rendered":"<p>Sobre Nosotros Asociaci\u00f3n de Agricultores de Cardamomo y Semillas de Guatemala ubicada Guatemala, es una entidad comprometida con el desarrollo integral de sus asociados y la promoci\u00f3n de pr\u00e1cticas agr\u00edcolas sostenibles para el cultivo del cardamomo. Su misi\u00f3n es mejorar las condiciones de vida de los productores en la regi\u00f3n, impulsar la innovaci\u00f3n, la calidad [&hellip;]<\/p>","protected":false},"author":1,"featured_media":0,"parent":0,"menu_order":0,"comment_status":"closed","ping_status":"closed","template":"","meta":{"footnotes":""},"class_list":["post-5451","page","type-page","status-publish","hentry"],"_links":{"self":[{"href":"https:\/\/guatemalacardamomo.com\/en\/wp-json\/wp\/v2\/pages\/5451","targetHints":{"allow":["GET"]}}],"collection":[{"href":"https:\/\/guatemalacardamomo.com\/en\/wp-json\/wp\/v2\/pages"}],"about":[{"href":"https:\/\/guatemalacardamomo.com\/en\/wp-json\/wp\/v2\/types\/page"}],"author":[{"embeddable":true,"href":"https:\/\/guatemalacardamomo.com\/en\/wp-json\/wp\/v2\/users\/1"}],"replies":[{"embeddable":true,"href":"https:\/\/guatemalacardamomo.com\/en\/wp-json\/wp\/v2\/comments?post=5451"}],"version-history":[{"count":148,"href":"https:\/\/guatemalacardamomo.com\/en\/wp-json\/wp\/v2\/pages\/5451\/revisions"}],"predecessor-version":[{"id":7172,"href":"https:\/\/guatemalacardamomo.com\/en\/wp-json\/wp\/v2\/pages\/5451\/revisions\/7172"}],"wp:attachment":[{"href":"https:\/\/guatemalacardamomo.com\/en\/wp-json\/wp\/v2\/media?parent=5451"}],"curies":[{"name":"wp","href":"https:\/\/api.w.org\/{rel}","templated":true}]}}